{"id":22,"date":"2021-06-18T22:48:14","date_gmt":"2021-06-18T22:48:14","guid":{"rendered":"https:\/\/officeweb.com.mx\/?page_id=22"},"modified":"2023-09-26T20:28:47","modified_gmt":"2023-09-26T20:28:47","slug":"crear-proyecto","status":"publish","type":"page","link":"https:\/\/officeweb.com.mx\/en\/crear-proyecto\/","title":{"rendered":"CREATE PROJECT"},"content":{"rendered":"\n<h2 class=\"wp-block-heading has-text-align-center\">Comience su proyecto simplemente completando los pasos a continuaci\u00f3n.<\/h2>\n\n\n\t\t<div data-elementor-type=\"section\" data-elementor-id=\"1709\" class=\"elementor elementor-1709\" data-elementor-post-type=\"elementor_library\">\n\t\t\t\t\t<section class=\"elementor-section elementor-top-section elementor-element elementor-element-37475d34 elementor-section-full_width elementor-section-height-default elementor-section-height-default\" data-id=\"37475d34\" data-element_type=\"section\" data-e-type=\"section\">\n\t\t\t\t\t\t<div class=\"elementor-container elementor-column-gap-default\">\n\t\t\t\t\t<div class=\"elementor-column elementor-col-100 elementor-top-column elementor-element elementor-element-61e3e5a1\" data-id=\"61e3e5a1\" data-element_type=\"column\" data-e-type=\"column\">\n\t\t\t<div class=\"elementor-widget-wrap elementor-element-populated\">\n\t\t\t\t\t\t<div class=\"elementor-element elementor-element-3272ed30 elementor-button-align-stretch elementor-widget elementor-widget-form\" data-id=\"3272ed30\" data-element_type=\"widget\" data-e-type=\"widget\" data-settings=\"{&quot;step_next_label&quot;:&quot;Pr\\u00f3ximo&quot;,&quot;step_previous_label&quot;:&quot;Anterior&quot;,&quot;button_width&quot;:&quot;100&quot;,&quot;step_type&quot;:&quot;number_text&quot;,&quot;step_icon_shape&quot;:&quot;circle&quot;}\" data-widget_type=\"form.default\">\n\t\t\t\t<div class=\"elementor-widget-container\">\n\t\t\t\t\t\t\t<form class=\"elementor-form\" method=\"post\" name=\"Crear Proyecto\">\n\t\t\t<input type=\"hidden\" name=\"post_id\" value=\"1709\"\/>\n\t\t\t<input type=\"hidden\" name=\"form_id\" value=\"3272ed30\"\/>\n\t\t\t<input type=\"hidden\" name=\"referer_title\" value=\"CREAR PROYECTO - Office Web\" \/>\n\n\t\t\t\t\t\t\t<input type=\"hidden\" name=\"queried_id\" value=\"22\"\/>\n\t\t\t\n\t\t\t<div class=\"elementor-form-fields-wrapper elementor-labels-above\">\n\t\t\t\t\t\t\t\t<div class=\"elementor-field-type-select elementor-field-group elementor-column elementor-field-group-comopodemosayudar elementor-col-50 elementor-field-required elementor-mark-required\">\n\t\t\t\t\t\t\t\t\t\t\t\t<label for=\"form-field-comopodemosayudar\" class=\"elementor-field-label\">\n\t\t\t\t\t\t\t\t\u00bfC\u00f3mo podemos ayudar?\t\t\t\t\t\t\t<\/label>\n\t\t\t\t\t\t\t\t<div class=\"elementor-field elementor-select-wrapper remove-before \">\n\t\t\t<div class=\"select-caret-down-wrapper\">\n\t\t\t\t<svg aria-hidden=\"true\" class=\"e-font-icon-svg e-eicon-caret-down\" viewBox=\"0 0 571.4 571.4\" xmlns=\"http:\/\/www.w3.org\/2000\/svg\"><path d=\"M571 393Q571 407 561 418L311 668Q300 679 286 679T261 668L11 418Q0 407 0 393T11 368 36 357H536Q550 357 561 368T571 393Z\"><\/path><\/svg>\t\t\t<\/div>\n\t\t\t<select name=\"form_fields[comopodemosayudar]\" id=\"form-field-comopodemosayudar\" class=\"elementor-field-textual elementor-size-md\" required=\"required\" aria-required=\"true\">\n\t\t\t\t\t\t\t\t\t<option value=\"Dise\u00f1o y desarrollo de sitio web\">Dise\u00f1o y desarrollo de sitio web<\/option>\n\t\t\t\t\t\t\t\t\t<option value=\"Generaci\u00f3n de contenidos\">Generaci\u00f3n de contenidos<\/option>\n\t\t\t\t\t\t\t\t\t<option value=\"Marketing Digital\">Marketing Digital<\/option>\n\t\t\t\t\t\t\t\t\t<option value=\"Correcci\u00f3n y reparaci\u00f3n de p\u00e1gina web\">Correcci\u00f3n y reparaci\u00f3n de p\u00e1gina web<\/option>\n\t\t\t\t\t\t\t\t\t<option value=\"SEO y Posicionamiento\">SEO y Posicionamiento<\/option>\n\t\t\t\t\t\t\t<\/select>\n\t\t<\/div>\n\t\t\t\t\t\t<\/div>\n\t\t\t\t\t\t\t\t<div class=\"elementor-field-type-select elementor-field-group elementor-column elementor-field-group-presupuesto elementor-col-50 elementor-field-required elementor-mark-required\">\n\t\t\t\t\t\t\t\t\t\t\t\t<label for=\"form-field-presupuesto\" class=\"elementor-field-label\">\n\t\t\t\t\t\t\t\tPresupuesto\t\t\t\t\t\t\t<\/label>\n\t\t\t\t\t\t\t\t<div class=\"elementor-field elementor-select-wrapper remove-before \">\n\t\t\t<div class=\"select-caret-down-wrapper\">\n\t\t\t\t<svg aria-hidden=\"true\" class=\"e-font-icon-svg e-eicon-caret-down\" viewBox=\"0 0 571.4 571.4\" xmlns=\"http:\/\/www.w3.org\/2000\/svg\"><path d=\"M571 393Q571 407 561 418L311 668Q300 679 286 679T261 668L11 418Q0 407 0 393T11 368 36 357H536Q550 357 561 368T571 393Z\"><\/path><\/svg>\t\t\t<\/div>\n\t\t\t<select name=\"form_fields[presupuesto]\" id=\"form-field-presupuesto\" class=\"elementor-field-textual elementor-size-md\" required=\"required\" aria-required=\"true\">\n\t\t\t\t\t\t\t\t\t<option value=\"Hasta 10000 MXN\">Hasta 10000 MXN<\/option>\n\t\t\t\t\t\t\t\t\t<option value=\"De 10000 MXN a 20000 MXN\">De 10000 MXN a 20000 MXN<\/option>\n\t\t\t\t\t\t\t\t\t<option value=\"De 20000 MXN a 30000 MXN\">De 20000 MXN a 30000 MXN<\/option>\n\t\t\t\t\t\t\t\t\t<option value=\"M\u00e1s de 30000 MXN\">M\u00e1s de 30000 MXN<\/option>\n\t\t\t\t\t\t\t<\/select>\n\t\t<\/div>\n\t\t\t\t\t\t<\/div>\n\t\t\t\t\t\t\t\t<div class=\"elementor-field-type-text elementor-field-group elementor-column elementor-field-group-nombreproyecto elementor-col-100 elementor-field-required elementor-mark-required\">\n\t\t\t\t\t\t\t\t\t\t\t\t<label for=\"form-field-nombreproyecto\" class=\"elementor-field-label\">\n\t\t\t\t\t\t\t\t\u00bfNombre del proyecto \/ URL si corresponde?\t\t\t\t\t\t\t<\/label>\n\t\t\t\t\t\t\t\t\t\t\t\t\t\t<input size=\"1\" type=\"text\" name=\"form_fields[nombreproyecto]\" id=\"form-field-nombreproyecto\" class=\"elementor-field elementor-size-md  elementor-field-textual\" required=\"required\" aria-required=\"true\">\n\t\t\t\t\t\t\t\t\t\t\t<\/div>\n\t\t\t\t\t\t\t\t<div class=\"elementor-field-type-text elementor-field-group elementor-column elementor-field-group-principalobjetivo elementor-col-100 elementor-field-required elementor-mark-required\">\n\t\t\t\t\t\t\t\t\t\t\t\t<label for=\"form-field-principalobjetivo\" class=\"elementor-field-label\">\n\t\t\t\t\t\t\t\t\u00bfCu\u00e1l es el principal objetivo\/meta comercial del proyecto?\t\t\t\t\t\t\t<\/label>\n\t\t\t\t\t\t\t\t\t\t\t\t\t\t<input size=\"1\" type=\"text\" name=\"form_fields[principalobjetivo]\" id=\"form-field-principalobjetivo\" class=\"elementor-field elementor-size-md  elementor-field-textual\" required=\"required\" aria-required=\"true\">\n\t\t\t\t\t\t\t\t\t\t\t<\/div>\n\t\t\t\t\t\t\t\t<div class=\"elementor-field-type-text elementor-field-group elementor-column elementor-field-group-nombredelnegocio elementor-col-50 elementor-field-required elementor-mark-required\">\n\t\t\t\t\t\t\t\t\t\t\t\t<label for=\"form-field-nombredelnegocio\" class=\"elementor-field-label\">\n\t\t\t\t\t\t\t\t\u00bfCual es el nombre de tu negocio?\t\t\t\t\t\t\t<\/label>\n\t\t\t\t\t\t\t\t\t\t\t\t\t\t<input size=\"1\" type=\"text\" name=\"form_fields[nombredelnegocio]\" id=\"form-field-nombredelnegocio\" class=\"elementor-field elementor-size-md  elementor-field-textual\" required=\"required\" aria-required=\"true\">\n\t\t\t\t\t\t\t\t\t\t\t<\/div>\n\t\t\t\t\t\t\t\t<div class=\"elementor-field-type-text elementor-field-group elementor-column elementor-field-group-nombre elementor-col-50\">\n\t\t\t\t\t\t\t\t\t\t\t\t<label for=\"form-field-nombre\" class=\"elementor-field-label\">\n\t\t\t\t\t\t\t\tTu nombre*\t\t\t\t\t\t\t<\/label>\n\t\t\t\t\t\t\t\t\t\t\t\t\t\t<input size=\"1\" type=\"text\" name=\"form_fields[nombre]\" id=\"form-field-nombre\" class=\"elementor-field elementor-size-md  elementor-field-textual\">\n\t\t\t\t\t\t\t\t\t\t\t<\/div>\n\t\t\t\t\t\t\t\t<div class=\"elementor-field-type-tel elementor-field-group elementor-column elementor-field-group-telefono elementor-col-50 elementor-field-required elementor-mark-required\">\n\t\t\t\t\t\t\t\t\t\t\t\t<label for=\"form-field-telefono\" class=\"elementor-field-label\">\n\t\t\t\t\t\t\t\tTel\u00e9fono\t\t\t\t\t\t\t<\/label>\n\t\t\t\t\t\t\t\t<input size=\"1\" type=\"tel\" name=\"form_fields[telefono]\" id=\"form-field-telefono\" class=\"elementor-field elementor-size-md  elementor-field-textual\" required=\"required\" aria-required=\"true\" pattern=\"[0-9()#&amp;+*-=.]+\" title=\"Only numbers and phone characters (#, -, *, etc) are accepted.\">\n\n\t\t\t\t\t\t<\/div>\n\t\t\t\t\t\t\t\t<div class=\"elementor-field-type-email elementor-field-group elementor-column elementor-field-group-correo elementor-col-50 elementor-field-required elementor-mark-required\">\n\t\t\t\t\t\t\t\t\t\t\t\t<label for=\"form-field-correo\" class=\"elementor-field-label\">\n\t\t\t\t\t\t\t\tCorreo electr\u00f3nico\t\t\t\t\t\t\t<\/label>\n\t\t\t\t\t\t\t\t\t\t\t\t\t\t<input size=\"1\" type=\"email\" name=\"form_fields[correo]\" id=\"form-field-correo\" class=\"elementor-field elementor-size-md  elementor-field-textual\" required=\"required\" aria-required=\"true\">\n\t\t\t\t\t\t\t\t\t\t\t<\/div>\n\t\t\t\t\t\t\t\t<div class=\"elementor-field-type-textarea elementor-field-group elementor-column elementor-field-group-otrainformacion elementor-col-100\">\n\t\t\t\t\t\t\t\t\t\t\t\t<label for=\"form-field-otrainformacion\" class=\"elementor-field-label\">\n\t\t\t\t\t\t\t\tOtra informaci\u00f3n \u00fatil\t\t\t\t\t\t\t<\/label>\n\t\t\t\t\t\t<textarea class=\"elementor-field-textual elementor-field  elementor-size-md\" name=\"form_fields[otrainformacion]\" id=\"form-field-otrainformacion\" rows=\"8\"><\/textarea>\t\t\t\t<\/div>\n\t\t\t\t\t\t\t\t<div class=\"elementor-field-type-recaptcha_v3 elementor-field-group elementor-column elementor-field-group-field_4caffb7 elementor-col-100 recaptcha_v3-bottomright\">\n\t\t\t\t\t<div class=\"elementor-field\" id=\"form-field-field_4caffb7\"><div class=\"elementor-g-recaptcha\" data-sitekey=\"6LfCY24gAAAAAJlmYJL1LZOn6w8XICBkWUtRC-VX\" data-type=\"v3\" data-action=\"Form\" data-badge=\"bottomright\" data-size=\"invisible\"><\/div><\/div>\t\t\t\t<\/div>\n\t\t\t\t\t\t\t\t<div class=\"elementor-field-group elementor-column elementor-field-type-submit elementor-col-100 e-form__buttons\">\n\t\t\t\t\t<button class=\"elementor-button elementor-size-sm\" type=\"submit\" id=\"botoncompletoenviar\">\n\t\t\t\t\t\t<span class=\"elementor-button-content-wrapper\">\n\t\t\t\t\t\t\t\t\t\t\t\t\t\t\t\t\t\t\t\t\t\t<span class=\"elementor-button-text\">\u00bfCompleto? \u00a1Enviar!<\/span>\n\t\t\t\t\t\t\t\t\t\t\t\t\t<\/span>\n\t\t\t\t\t<\/button>\n\t\t\t\t<\/div>\n\t\t\t<\/div>\n\t\t<\/form>\n\t\t\t\t\t\t<\/div>\n\t\t\t\t<\/div>\n\t\t\t\t\t<\/div>\n\t\t<\/div>\n\t\t\t\t\t<\/div>\n\t\t<\/section>\n\t\t\t\t<\/div>\n\t\t\n\n\n\n<h3 class=\"wp-block-heading has-text-align-center\">contacto<\/h3>\n\n\n\n<p class=\"has-text-align-center has-text-color\" style=\"color:#00b0b4;font-size:50px\"><strong>+52 322 286 8468<\/strong><\/p>\n\n\n\n<p class=\"has-text-align-center\">Av. Palmares 2, Villas Universidad (48290). Puerto Vallarta, Jalisco, M\u00e9xico.<\/p>\n\n\n\n<figure class=\"wp-block-image aligncenter size-large\"><img fetchpriority=\"high\" decoding=\"async\" width=\"1140\" height=\"452\" src=\"https:\/\/officeweb.com.mx\/wp-content\/uploads\/2022\/07\/MAPA-1-1140x452.webp\" alt=\"Mapa mundial, con la marca que apunta en M\u00e9xico\" class=\"wp-image-1965\" title=\"\" srcset=\"https:\/\/officeweb.com.mx\/wp-content\/uploads\/2022\/07\/MAPA-1-1140x452.webp 1140w, https:\/\/officeweb.com.mx\/wp-content\/uploads\/2022\/07\/MAPA-1-768x305.webp 768w, https:\/\/officeweb.com.mx\/wp-content\/uploads\/2022\/07\/MAPA-1-1536x610.webp 1536w, https:\/\/officeweb.com.mx\/wp-content\/uploads\/2022\/07\/MAPA-1.webp 1920w\" sizes=\"(max-width: 1140px) 100vw, 1140px\" \/><\/figure>\n","protected":false},"excerpt":{"rendered":"<p>Comience su proyecto simplemente completando los pasos a continuaci\u00f3n. contacto +52 322 286 8468 Av. Palmares 2, Villas Universidad (48290). Puerto Vallarta, Jalisco, M\u00e9xico.<\/p>","protected":false},"author":6,"featured_media":1931,"parent":0,"menu_order":0,"comment_status":"closed","ping_status":"closed","template":"","meta":{"footnotes":""},"class_list":["post-22","page","type-page","status-publish","has-post-thumbnail","hentry"],"_links":{"self":[{"href":"https:\/\/officeweb.com.mx\/en\/wp-json\/wp\/v2\/pages\/22","targetHints":{"allow":["GET"]}}],"collection":[{"href":"https:\/\/officeweb.com.mx\/en\/wp-json\/wp\/v2\/pages"}],"about":[{"href":"https:\/\/officeweb.com.mx\/en\/wp-json\/wp\/v2\/types\/page"}],"author":[{"embeddable":true,"href":"https:\/\/officeweb.com.mx\/en\/wp-json\/wp\/v2\/users\/6"}],"replies":[{"embeddable":true,"href":"https:\/\/officeweb.com.mx\/en\/wp-json\/wp\/v2\/comments?post=22"}],"version-history":[{"count":1,"href":"https:\/\/officeweb.com.mx\/en\/wp-json\/wp\/v2\/pages\/22\/revisions"}],"predecessor-version":[{"id":4180,"href":"https:\/\/officeweb.com.mx\/en\/wp-json\/wp\/v2\/pages\/22\/revisions\/4180"}],"wp:featuredmedia":[{"embeddable":true,"href":"https:\/\/officeweb.com.mx\/en\/wp-json\/wp\/v2\/media\/1931"}],"wp:attachment":[{"href":"https:\/\/officeweb.com.mx\/en\/wp-json\/wp\/v2\/media?parent=22"}],"curies":[{"name":"wp","href":"https:\/\/api.w.org\/{rel}","templated":true}]}}